{"id":5398,"date":"2025-03-28T16:39:02","date_gmt":"2025-03-28T15:39:02","guid":{"rendered":"https:\/\/hra.com.co\/?page_id=5398"},"modified":"2025-04-29T23:30:43","modified_gmt":"2025-04-29T21:30:43","slug":"innovacion","status":"publish","type":"page","link":"https:\/\/hra.com.co\/en\/innovacion\/","title":{"rendered":"Innovation"},"content":{"rendered":"<div class=\"wpb-content-wrapper\"><div class=\"vc_row wpb_row vc_row-fluid creote_section_69e035421476a\"><style type=\"text\/css\" data-type=\"vc_shortcodes-custom\"> .creote_section_69e035421476a{margin: 0px 0px 0px 0px!important; padding: 0px 0px 0px 0px!important; border-width: 0px!important; border-style: solid!important;      }<\/style><style type=\"text\/css\" data-type=\"vc_shortcodes-custom\">  .creote_container_69e0354214769.common_container{padding: 0px 0px 0px 0px!important;  border-style: solid!important; border-width: 0px!important; }<\/style><div class=\"auto_container creote_container_69e0354214769 common_container clearfix\"><div class=\"wpb_column vc_column_container vc_col-sm-12\"><div class=\"vc_column-inner\"><div class=\"wpb_wrapper\">\n\t<div class=\"wpb_text_column wpb_content_element\" >\n\t\t<div class=\"wpb_wrapper\">\n\t\t\t<h2 style=\"text-align: center;\" class=\"translation-block\">Welcome to the Innovation Center<\/h2>\n\n\t\t<\/div>\n\t<\/div>\n\n\t<div class=\"wpb_text_column wpb_content_element\" >\n\t\t<div class=\"wpb_wrapper\">\n\t\t\t<p style=\"text-align: center;\">Explore the process by which we transform your needs into<br \/>\n<strong>customized solutions aligned with market trends.<\/strong><\/p>\n\n\t\t<\/div>\n\t<\/div>\n<div class=\"vc_row wpb_row vc_inner vc_row-fluid\"><div class=\"wpb_column vc_column_container vc_col-sm-4\"><div class=\"vc_column-inner\"><div class=\"wpb_wrapper\"><div class=\"vc-hoverbox-wrapper  vc-hoverbox-shape--rounded vc-hoverbox-align--center vc-hoverbox-direction--default vc-hoverbox-width--100\"  ontouchstart=\"\">\n  <div class=\"vc-hoverbox\">\n    <div class=\"vc-hoverbox-inner\">\n      <div class=\"vc-hoverbox-block vc-hoverbox-front\" style=\"background-image: url(https:\/\/hra.com.co\/wp-content\/uploads\/2025\/04\/noticias-1024x683.webp);\">\n        <div class=\"vc-hoverbox-block-inner vc-hoverbox-front-inner\">\n            \n        <\/div>\n      <\/div>\n      <div class=\"vc-hoverbox-block vc-hoverbox-back\" style=\"background-color: #ebebeb;\">\n        <div class=\"vc-hoverbox-block-inner vc-hoverbox-back-inner\">\n            \n            <p class=\"p1\">We identify specialized ingredients and blends to obtain products tailored to your needs.<\/p>\n\n            \n        <\/div>\n      <\/div>\n    <\/div>\n  <\/div>\n<\/div><div class=\"vc_empty_space\"   style=\"height: 10px\"><span class=\"vc_empty_space_inner\"><\/span><\/div>\n\t<div class=\"wpb_text_column wpb_content_element\" >\n\t\t<div class=\"wpb_wrapper\">\n\t\t\t<h3 style=\"text-align: center;\">We formulate<\/h3>\n\n\t\t<\/div>\n\t<\/div>\n<\/div><\/div><\/div><div class=\"wpb_column vc_column_container vc_col-sm-4\"><div class=\"vc_column-inner\"><div class=\"wpb_wrapper\"><div class=\"vc-hoverbox-wrapper  vc-hoverbox-shape--rounded vc-hoverbox-align--center vc-hoverbox-direction--default vc-hoverbox-width--100\"  ontouchstart=\"\">\n  <div class=\"vc-hoverbox\">\n    <div class=\"vc-hoverbox-inner\">\n      <div class=\"vc-hoverbox-block vc-hoverbox-front\" style=\"background-image: url(https:\/\/hra.com.co\/wp-content\/uploads\/2025\/02\/HRA-mezclas-estandarizadas.webp);\">\n        <div class=\"vc-hoverbox-block-inner vc-hoverbox-front-inner\">\n            \n        <\/div>\n      <\/div>\n      <div class=\"vc-hoverbox-block vc-hoverbox-back\" style=\"background-color: #ebebeb;\">\n        <div class=\"vc-hoverbox-block-inner vc-hoverbox-back-inner\">\n            \n            <p class=\"p1\">We transform products with high quality standards, guaranteeing their functionality and optimizing operating conditions.<\/p>\n\n            \n        <\/div>\n      <\/div>\n    <\/div>\n  <\/div>\n<\/div><div class=\"vc_empty_space\"   style=\"height: 10px\"><span class=\"vc_empty_space_inner\"><\/span><\/div>\n\t<div class=\"wpb_text_column wpb_content_element\" >\n\t\t<div class=\"wpb_wrapper\">\n\t\t\t<h3 style=\"text-align: center;\">We process<\/h3>\n\n\t\t<\/div>\n\t<\/div>\n<\/div><\/div><\/div><div class=\"wpb_column vc_column_container vc_col-sm-4\"><div class=\"vc_column-inner\"><div class=\"wpb_wrapper\"><div class=\"vc-hoverbox-wrapper  vc-hoverbox-shape--rounded vc-hoverbox-align--center vc-hoverbox-direction--default vc-hoverbox-width--100\"  ontouchstart=\"\">\n  <div class=\"vc-hoverbox\">\n    <div class=\"vc-hoverbox-inner\">\n      <div class=\"vc-hoverbox-block vc-hoverbox-front\" style=\"background-image: url(https:\/\/hra.com.co\/wp-content\/uploads\/2025\/02\/Especialidades-1-1-819x1024.webp);\">\n        <div class=\"vc-hoverbox-block-inner vc-hoverbox-front-inner\">\n            \n        <\/div>\n      <\/div>\n      <div class=\"vc-hoverbox-block vc-hoverbox-back\" style=\"background-color: #ebebeb;\">\n        <div class=\"vc-hoverbox-block-inner vc-hoverbox-back-inner\">\n            \n            <p class=\"p1\">We validate the functional performance of products and establish their application methods, providing new alternatives that respond to trends.<\/p>\n\n            \n        <\/div>\n      <\/div>\n    <\/div>\n  <\/div>\n<\/div><div class=\"vc_empty_space\"   style=\"height: 10px\"><span class=\"vc_empty_space_inner\"><\/span><\/div>\n\t<div class=\"wpb_text_column wpb_content_element\" >\n\t\t<div class=\"wpb_wrapper\">\n\t\t\t<h3 style=\"text-align: center;\">We apply<\/h3>\n\n\t\t<\/div>\n\t<\/div>\n<\/div><\/div><\/div><\/div><div class=\"vc_separator wpb_content_element vc_separator_align_center vc_sep_width_100 vc_sep_pos_align_center vc_separator_no_text vc_sep_color_grey wpb_content_element  wpb_content_element\" ><span class=\"vc_sep_holder vc_sep_holder_l\"><span class=\"vc_sep_line\"><\/span><\/span><span class=\"vc_sep_holder vc_sep_holder_r\"><span class=\"vc_sep_line\"><\/span><\/span>\n<\/div><\/div><\/div><\/div><\/div><\/div><div class=\"vc_row wpb_row vc_row-fluid creote_section_69e0354216564\"><style type=\"text\/css\" data-type=\"vc_shortcodes-custom\"> .creote_section_69e0354216564{margin: 0px 0px 0px 0px!important; padding: 0px 0px 0px 0px!important; border-width: 0px!important; border-style: solid!important;      }<\/style><style type=\"text\/css\" data-type=\"vc_shortcodes-custom\">  .creote_container_69e0354216563.common_container{padding: 0px 0px 0px 0px!important;  border-style: solid!important; border-width: 0px!important; }<\/style><div class=\"auto_container creote_container_69e0354216563 common_container clearfix\"><div class=\"wpb_column vc_column_container vc_col-sm-12\"><div class=\"vc_column-inner\"><div class=\"wpb_wrapper\"><div class=\"vc_empty_space\"   style=\"height: 30px\"><span class=\"vc_empty_space_inner\"><\/span><\/div>\n\t<div class=\"wpb_text_column wpb_content_element\" >\n\t\t<div class=\"wpb_wrapper\">\n\t\t\t<p style=\"text-align: center;\"><strong>\u00a0Each of our research areas has specialized laboratories.<\/strong><\/p>\n\n\t\t<\/div>\n\t<\/div>\n\n\t<div  class=\"wpb_single_image wpb_content_element vc_align_center wpb_content_element wpb_animate_when_almost_visible wpb_fadeInDown fadeInDown\">\n\t\t\n\t\t<figure class=\"wpb_wrapper vc_figure\">\n\t\t\t<div class=\"vc_single_image-wrapper   vc_box_border_grey\"><img loading=\"lazy\" decoding=\"async\" width=\"1696\" height=\"592\" src=\"https:\/\/hra.com.co\/wp-content\/uploads\/2025\/06\/HRA-centro-de-innovacion-INGLES.webp\" class=\"vc_single_image-img attachment-full\" alt=\"\" title=\"HRA-centro-de-innovacion-02\" srcset=\"https:\/\/hra.com.co\/wp-content\/uploads\/2025\/06\/HRA-centro-de-innovacion-INGLES.webp 1695w, https:\/\/hra.com.co\/wp-content\/uploads\/2025\/06\/HRA-centro-de-innovacion-INGLES-300x105.webp 300w, https:\/\/hra.com.co\/wp-content\/uploads\/2025\/06\/HRA-centro-de-innovacion-INGLES-1024x358.webp 1024w, https:\/\/hra.com.co\/wp-content\/uploads\/2025\/06\/HRA-centro-de-innovacion-INGLES-768x268.webp 768w, https:\/\/hra.com.co\/wp-content\/uploads\/2025\/06\/HRA-centro-de-innovacion-INGLES-1536x536.webp 1536w, https:\/\/hra.com.co\/wp-content\/uploads\/2025\/06\/HRA-centro-de-innovacion-INGLES-18x6.webp 18w\" sizes=\"auto, (max-width: 1696px) 100vw, 1696px\" \/><\/div>\n\t\t<\/figure>\n\t<\/div>\n<\/div><\/div><\/div><\/div><\/div>\n<\/div>","protected":false},"excerpt":{"rendered":"Bienvenidos al Centro de Innovaci\u00f3n Explora el proceso con el que transformamos tus necesidades en soluciones personalizadas y alineadas a las tendencias del mercado. Identificamos ingredientes y mezclas especializadas para obtener productos a la medida de las necesidades Formulamos Transformamos productos con altos est\u00e1ndares de calidad garantizando su funcionalidad y optimizando las condiciones de operaci\u00f3n. [...]","protected":false},"author":1,"featured_media":0,"parent":0,"menu_order":0,"comment_status":"closed","ping_status":"closed","template":"","meta":{"footnotes":""},"class_list":["post-5398","page","type-page","status-publish","hentry"],"yoast_head":"<!-- This site is optimized with the Yoast SEO plugin v26.4 - https:\/\/yoast.com\/wordpress\/plugins\/seo\/ -->\n<title>Innovaci\u00f3n - HRA Uniqu\u00edmica<\/title>\n<meta name=\"robots\" content=\"index, follow, max-snippet:-1, max-image-preview:large, max-video-preview:-1\" \/>\n<link rel=\"canonical\" href=\"https:\/\/hra.com.co\/en\/innovacion\/\" \/>\n<meta property=\"og:locale\" content=\"en_US\" \/>\n<meta property=\"og:type\" content=\"article\" \/>\n<meta property=\"og:title\" content=\"Innovaci\u00f3n - HRA Uniqu\u00edmica\" \/>\n<meta property=\"og:url\" content=\"https:\/\/hra.com.co\/en\/innovacion\/\" \/>\n<meta property=\"og:site_name\" content=\"HRA Uniqu\u00edmica\" \/>\n<meta property=\"article:modified_time\" content=\"2025-04-29T21:30:43+00:00\" \/>\n<meta name=\"twitter:card\" content=\"summary_large_image\" \/>\n<meta name=\"twitter:label1\" content=\"Est. reading time\" \/>\n\t<meta name=\"twitter:data1\" content=\"1 minute\" \/>\n<script type=\"application\/ld+json\" class=\"yoast-schema-graph\">{\"@context\":\"https:\/\/schema.org\",\"@graph\":[{\"@type\":\"WebPage\",\"@id\":\"https:\/\/hra.com.co\/innovacion\/\",\"url\":\"https:\/\/hra.com.co\/innovacion\/\",\"name\":\"Innovaci\u00f3n - HRA Uniqu\u00edmica\",\"isPartOf\":{\"@id\":\"https:\/\/hra.com.co\/#website\"},\"datePublished\":\"2025-03-28T15:39:02+00:00\",\"dateModified\":\"2025-04-29T21:30:43+00:00\",\"breadcrumb\":{\"@id\":\"https:\/\/hra.com.co\/innovacion\/#breadcrumb\"},\"inLanguage\":\"en-US\",\"potentialAction\":[{\"@type\":\"ReadAction\",\"target\":[\"https:\/\/hra.com.co\/innovacion\/\"]}]},{\"@type\":\"BreadcrumbList\",\"@id\":\"https:\/\/hra.com.co\/innovacion\/#breadcrumb\",\"itemListElement\":[{\"@type\":\"ListItem\",\"position\":1,\"name\":\"Portada\",\"item\":\"https:\/\/hra.com.co\/\"},{\"@type\":\"ListItem\",\"position\":2,\"name\":\"Innovaci\u00f3n\"}]},{\"@type\":\"WebSite\",\"@id\":\"https:\/\/hra.com.co\/#website\",\"url\":\"https:\/\/hra.com.co\/\",\"name\":\"HRA Uniqu\u00edmica\",\"description\":\"Fabricante colombiano de ingredientes y aditivos para la industria alimentaria, farmac\u00e9utica, cosm\u00e9tica y agroindustrial.\",\"potentialAction\":[{\"@type\":\"SearchAction\",\"target\":{\"@type\":\"EntryPoint\",\"urlTemplate\":\"https:\/\/hra.com.co\/?s={search_term_string}\"},\"query-input\":{\"@type\":\"PropertyValueSpecification\",\"valueRequired\":true,\"valueName\":\"search_term_string\"}}],\"inLanguage\":\"en-US\"}]}<\/script>\n<!-- \/ Yoast SEO plugin. -->","yoast_head_json":{"title":"Innovaci\u00f3n - HRA Uniqu\u00edmica","robots":{"index":"index","follow":"follow","max-snippet":"max-snippet:-1","max-image-preview":"max-image-preview:large","max-video-preview":"max-video-preview:-1"},"canonical":"https:\/\/hra.com.co\/en\/innovacion\/","og_locale":"en_US","og_type":"article","og_title":"Innovaci\u00f3n - HRA Uniqu\u00edmica","og_url":"https:\/\/hra.com.co\/en\/innovacion\/","og_site_name":"HRA Uniqu\u00edmica","article_modified_time":"2025-04-29T21:30:43+00:00","twitter_card":"summary_large_image","twitter_misc":{"Est. reading time":"1 minute"},"schema":{"@context":"https:\/\/schema.org","@graph":[{"@type":"WebPage","@id":"https:\/\/hra.com.co\/innovacion\/","url":"https:\/\/hra.com.co\/innovacion\/","name":"Innovaci\u00f3n - HRA Uniqu\u00edmica","isPartOf":{"@id":"https:\/\/hra.com.co\/#website"},"datePublished":"2025-03-28T15:39:02+00:00","dateModified":"2025-04-29T21:30:43+00:00","breadcrumb":{"@id":"https:\/\/hra.com.co\/innovacion\/#breadcrumb"},"inLanguage":"en-US","potentialAction":[{"@type":"ReadAction","target":["https:\/\/hra.com.co\/innovacion\/"]}]},{"@type":"BreadcrumbList","@id":"https:\/\/hra.com.co\/innovacion\/#breadcrumb","itemListElement":[{"@type":"ListItem","position":1,"name":"Portada","item":"https:\/\/hra.com.co\/"},{"@type":"ListItem","position":2,"name":"Innovaci\u00f3n"}]},{"@type":"WebSite","@id":"https:\/\/hra.com.co\/#website","url":"https:\/\/hra.com.co\/","name":"At HRA Uniqu\u00edmica,","description":"Fabricante colombiano de ingredientes y aditivos para la industria alimentaria, farmac\u00e9utica, cosm\u00e9tica y agroindustrial.","potentialAction":[{"@type":"SearchAction","target":{"@type":"EntryPoint","urlTemplate":"https:\/\/hra.com.co\/?s={search_term_string}"},"query-input":{"@type":"PropertyValueSpecification","valueRequired":true,"valueName":"search_term_string"}}],"inLanguage":"en-US"}]}},"_links":{"self":[{"href":"https:\/\/hra.com.co\/en\/wp-json\/wp\/v2\/pages\/5398","targetHints":{"allow":["GET"]}}],"collection":[{"href":"https:\/\/hra.com.co\/en\/wp-json\/wp\/v2\/pages"}],"about":[{"href":"https:\/\/hra.com.co\/en\/wp-json\/wp\/v2\/types\/page"}],"author":[{"embeddable":true,"href":"https:\/\/hra.com.co\/en\/wp-json\/wp\/v2\/users\/1"}],"replies":[{"embeddable":true,"href":"https:\/\/hra.com.co\/en\/wp-json\/wp\/v2\/comments?post=5398"}],"version-history":[{"count":30,"href":"https:\/\/hra.com.co\/en\/wp-json\/wp\/v2\/pages\/5398\/revisions"}],"predecessor-version":[{"id":5650,"href":"https:\/\/hra.com.co\/en\/wp-json\/wp\/v2\/pages\/5398\/revisions\/5650"}],"wp:attachment":[{"href":"https:\/\/hra.com.co\/en\/wp-json\/wp\/v2\/media?parent=5398"}],"curies":[{"name":"wp","href":"https:\/\/api.w.org\/{rel}","templated":true}]}}