{"id":5216,"date":"2025-02-13T18:31:34","date_gmt":"2025-02-13T17:31:34","guid":{"rendered":"https:\/\/hra.com.co\/?page_id=5216"},"modified":"2025-02-14T18:06:36","modified_gmt":"2025-02-14T17:06:36","slug":"linea-etica","status":"publish","type":"page","link":"https:\/\/hra.com.co\/en\/linea-etica\/","title":{"rendered":"Ethics Line"},"content":{"rendered":"<div class=\"wpb-content-wrapper\"><div class=\"vc_row wpb_row vc_row-fluid creote_section_69e036e6611f3\"><style type=\"text\/css\" data-type=\"vc_shortcodes-custom\"> .creote_section_69e036e6611f3{margin: 0px 0px 0px 0px!important; padding: 0px 0px 0px 0px!important; border-width: 0px!important; border-style: solid!important;      }<\/style><style type=\"text\/css\" data-type=\"vc_shortcodes-custom\">  .creote_container_69e036e6611f2.common_container{padding: 0px 0px 0px 0px!important;  border-style: solid!important; border-width: 0px!important; }<\/style><div class=\"auto_container creote_container_69e036e6611f2 common_container clearfix\"><div class=\"wpb_column vc_column_container vc_col-sm-12\"><div class=\"vc_column-inner\"><div class=\"wpb_wrapper\">\n\t<div class=\"wpb_text_column wpb_content_element\" >\n\t\t<div class=\"wpb_wrapper\">\n\t\t\t<p style=\"text-align: center;\"><strong>\u201cL\u00ednea \u00c9tica\u201d<\/strong> It is a communication channel available to Collaborators, Clients, Suppliers, Contractors and other stakeholders, where they can confidentially report any irregular or suspicious conduct and unethical acts that violate the law.<br \/>\n<strong><em>Conoce nuestra Pol\u00edtica de Protecci\u00f3n a Denunciantes.<\/em><\/strong><\/p>\n\n\t\t<\/div>\n\t<\/div>\n<\/div><\/div><\/div><\/div><\/div><div class=\"vc_row wpb_row vc_row-fluid creote_section_69e036e661942\"><style type=\"text\/css\" data-type=\"vc_shortcodes-custom\"> .creote_section_69e036e661942{margin: 0px 0px 0px 0px!important; padding: 0px 0px 0px 0px!important; border-width: 0px!important; border-style: solid!important;      }<\/style><style type=\"text\/css\" data-type=\"vc_shortcodes-custom\">  .creote_container_69e036e661941.common_container{padding: 0px 0px 0px 0px!important;  border-style: solid!important; border-width: 0px!important; }<\/style><div class=\"auto_container creote_container_69e036e661941 common_container clearfix\"><div class=\"wpb_column vc_column_container vc_col-sm-12\"><div class=\"vc_column-inner\"><div class=\"wpb_wrapper\"> <section class=\"contact_form_box_all type_one\" >\r\n<div class=\"contact_form_box_inner\">\r\n       <div class=\"contact_form_shortcode\">\r\n   \n<div class=\"wpcf7 no-js\" id=\"wpcf7-f5237-o1\" lang=\"es-ES\" dir=\"ltr\" data-wpcf7-id=\"5237\">\n<div class=\"screen-reader-response\"><p role=\"status\" aria-live=\"polite\" aria-atomic=\"true\"><\/p> <ul><\/ul><\/div>\n<form action=\"\/en\/wp-json\/wp\/v2\/pages\/5216#wpcf7-f5237-o1\" method=\"post\" class=\"wpcf7-form init\" aria-label=\"Formulario de contacto\" enctype=\"multipart\/form-data\" novalidate=\"novalidate\" data-status=\"init\" data-trp-original-action=\"\/en\/wp-json\/wp\/v2\/pages\/5216#wpcf7-f5237-o1\">\n<fieldset class=\"hidden-fields-container\"><input type=\"hidden\" name=\"_wpcf7\" value=\"5237\" \/><input type=\"hidden\" name=\"_wpcf7_version\" value=\"6.1.5\" \/><input type=\"hidden\" name=\"_wpcf7_locale\" value=\"es_ES\" \/><input type=\"hidden\" name=\"_wpcf7_unit_tag\" value=\"wpcf7-f5237-o1\" \/><input type=\"hidden\" name=\"_wpcf7_container_post\" value=\"0\" \/><input type=\"hidden\" name=\"_wpcf7_posted_data_hash\" value=\"\" \/>\n<\/fieldset>\n<p><label> Your name<br \/>\n<span class=\"wpcf7-form-control-wrap\" data-name=\"your-name\"><input size=\"40\" maxlength=\"400\" class=\"wpcf7-form-control wpcf7-text wpcf7-validates-as-required\" autocomplete=\"name\" aria-required=\"true\" aria-invalid=\"false\" value=\"\" type=\"text\" name=\"your-name\" \/><\/span> <\/label>\n<\/p>\n<p><label> Identification number<br \/>\n<span class=\"wpcf7-form-control-wrap\" data-name=\"your-id\"><input size=\"40\" maxlength=\"400\" class=\"wpcf7-form-control wpcf7-text wpcf7-validates-as-required\" autocomplete=\"id\" aria-required=\"true\" aria-invalid=\"false\" value=\"\" type=\"text\" name=\"your-id\" \/><\/span> <\/label>\n<\/p>\n<p><label> Phone<br \/>\n<span class=\"wpcf7-form-control-wrap\" data-name=\"your-phone\"><input size=\"40\" maxlength=\"400\" class=\"wpcf7-form-control wpcf7-text wpcf7-validates-as-required\" autocomplete=\"phone\" aria-required=\"true\" aria-invalid=\"false\" value=\"\" type=\"text\" name=\"your-phone\" \/><\/span> <\/label>\n<\/p>\n<p><label> Email<br \/>\n<span class=\"wpcf7-form-control-wrap\" data-name=\"your-email\"><input size=\"40\" maxlength=\"400\" class=\"wpcf7-form-control wpcf7-email wpcf7-validates-as-required wpcf7-text wpcf7-validates-as-email\" autocomplete=\"email\" aria-required=\"true\" aria-invalid=\"false\" value=\"\" type=\"email\" name=\"your-email\" \/><\/span> <\/label>\n<\/p>\n<p><span class=\"wpcf7-form-control-wrap\" data-name=\"select-854\"><select class=\"wpcf7-form-control wpcf7-select\" aria-invalid=\"false\" name=\"select-854\"><option value=\"Conflicto de intereses\">Conflicto de intereses<\/option><option value=\"Fraude o enga\u00f1o\">Fraude o enga\u00f1o<\/option><option value=\"Soborno\">Soborno<\/option><option value=\"Corrupci\u00f3n\">Corrupci\u00f3n<\/option><option value=\"Generaci\u00f3n de reportes con base en informaci\u00f3n falsa o inexacta.\">Generaci\u00f3n de reportes con base en informaci\u00f3n falsa o inexacta.<\/option><option value=\"Operaciones que se salen del giro ordinario del negocio.\">Operaciones que se salen del giro ordinario del negocio.<\/option><option value=\"Falsificaci\u00f3n de documentos.\">Falsificaci\u00f3n de documentos.<\/option><option value=\"Actos ilegales u operaciones de incumplimiento de la Ley.\">Actos ilegales u operaciones de incumplimiento de la Ley.<\/option><option value=\"Uso indebido de informaci\u00f3n interna o confidencial.\">Uso indebido de informaci\u00f3n interna o confidencial.<\/option><option value=\"Destinaci\u00f3n de recursos para financiaci\u00f3n del terrorismo.\">Destinaci\u00f3n de recursos para financiaci\u00f3n del terrorismo.<\/option><option value=\"Lavado de activos.\">Lavado de activos.<\/option><option value=\"Utilizaci\u00f3n de manera indebida de bienes de propiedad de la Compa\u00f1\u00eda.\">Utilizaci\u00f3n de manera indebida de bienes de propiedad de la Compa\u00f1\u00eda.<\/option><option value=\"Fraude inform\u00e1tico.\">Fraude inform\u00e1tico.<\/option><\/select><\/span>\n<\/p>\n<p><label> Report description (required)<br \/>\n<span class=\"wpcf7-form-control-wrap\" data-name=\"your-message\"><textarea cols=\"40\" rows=\"10\" maxlength=\"2000\" class=\"wpcf7-form-control wpcf7-textarea\" aria-invalid=\"false\" name=\"your-message\"><\/textarea><\/span> <\/label>\n<\/p>\n<p><span class=\"wpcf7-form-control-wrap\" data-name=\"file-282\"><input size=\"40\" class=\"wpcf7-form-control wpcf7-file\" accept=\"audio\/*,video\/*,image\/*\" aria-invalid=\"false\" type=\"file\" name=\"file-282\" \/><\/span>\n<\/p>\n<p>By submitting this information, I accept the company's privacy notice and personal data protection policy.\n<\/p>\n<p><input class=\"wpcf7-form-control wpcf7-submit has-spinner\" type=\"submit\" value=\"Send\" \/>\n<\/p><p style=\"display: none !important;\" class=\"akismet-fields-container\" data-prefix=\"_wpcf7_ak_\"><label>&#916;<textarea name=\"_wpcf7_ak_hp_textarea\" cols=\"45\" rows=\"8\" maxlength=\"100\"><\/textarea><\/label><input type=\"hidden\" id=\"ak_js_1\" name=\"_wpcf7_ak_js\" value=\"170\"\/><script>document.getElementById( \"ak_js_1\" ).setAttribute( \"value\", ( new Date() ).getTime() );<\/script><\/p><div class=\"wpcf7-response-output\" aria-hidden=\"true\"><\/div>\n<input type=\"hidden\" name=\"trp-form-language\" value=\"en\"\/><\/form>\n<\/div>\n   <\/div>\r\n   <\/div>\r\n<\/section>\r\n<\/div><\/div><\/div><\/div><\/div>\n<\/div>","protected":false},"excerpt":{"rendered":"\u201cL\u00ednea \u00c9tica\u201d es un canal de comunicaci\u00f3n dispuesto para Colaboradores, Clientes, Proveedores, Contratistas y dem\u00e1s grupos de inter\u00e9s, en el cual podr\u00e1n reportar de manera confidencial cualquier conducta irregular, sospechosa y actos no \u00e9ticos, que van en contra de la Ley. Conoce nuestra Pol\u00edtica de Protecci\u00f3n a Denunciantes. Tu nombre N\u00famero de identificaci\u00f3n Tel\u00e9fono Correo [...]","protected":false},"author":1,"featured_media":0,"parent":0,"menu_order":0,"comment_status":"closed","ping_status":"closed","template":"","meta":{"footnotes":""},"class_list":["post-5216","page","type-page","status-publish","hentry"],"yoast_head":"<!-- This site is optimized with the Yoast SEO plugin v26.4 - https:\/\/yoast.com\/wordpress\/plugins\/seo\/ -->\n<title>L\u00ednea \u00c9tica - HRA Uniqu\u00edmica<\/title>\n<meta name=\"robots\" content=\"index, follow, max-snippet:-1, max-image-preview:large, max-video-preview:-1\" \/>\n<link rel=\"canonical\" href=\"https:\/\/hra.com.co\/en\/linea-etica\/\" \/>\n<meta property=\"og:locale\" content=\"en_US\" \/>\n<meta property=\"og:type\" content=\"article\" \/>\n<meta property=\"og:title\" content=\"L\u00ednea \u00c9tica - HRA Uniqu\u00edmica\" \/>\n<meta property=\"og:url\" content=\"https:\/\/hra.com.co\/en\/linea-etica\/\" \/>\n<meta property=\"og:site_name\" content=\"HRA Uniqu\u00edmica\" \/>\n<meta property=\"article:modified_time\" content=\"2025-02-14T17:06:36+00:00\" \/>\n<meta name=\"twitter:card\" content=\"summary_large_image\" \/>\n<script type=\"application\/ld+json\" class=\"yoast-schema-graph\">{\"@context\":\"https:\/\/schema.org\",\"@graph\":[{\"@type\":\"WebPage\",\"@id\":\"https:\/\/hra.com.co\/linea-etica\/\",\"url\":\"https:\/\/hra.com.co\/linea-etica\/\",\"name\":\"L\u00ednea \u00c9tica - HRA Uniqu\u00edmica\",\"isPartOf\":{\"@id\":\"https:\/\/hra.com.co\/#website\"},\"datePublished\":\"2025-02-13T17:31:34+00:00\",\"dateModified\":\"2025-02-14T17:06:36+00:00\",\"breadcrumb\":{\"@id\":\"https:\/\/hra.com.co\/linea-etica\/#breadcrumb\"},\"inLanguage\":\"en-US\",\"potentialAction\":[{\"@type\":\"ReadAction\",\"target\":[\"https:\/\/hra.com.co\/linea-etica\/\"]}]},{\"@type\":\"BreadcrumbList\",\"@id\":\"https:\/\/hra.com.co\/linea-etica\/#breadcrumb\",\"itemListElement\":[{\"@type\":\"ListItem\",\"position\":1,\"name\":\"Portada\",\"item\":\"https:\/\/hra.com.co\/\"},{\"@type\":\"ListItem\",\"position\":2,\"name\":\"L\u00ednea \u00c9tica\"}]},{\"@type\":\"WebSite\",\"@id\":\"https:\/\/hra.com.co\/#website\",\"url\":\"https:\/\/hra.com.co\/\",\"name\":\"HRA Uniqu\u00edmica\",\"description\":\"Fabricante colombiano de ingredientes y aditivos para la industria alimentaria, farmac\u00e9utica, cosm\u00e9tica y agroindustrial.\",\"potentialAction\":[{\"@type\":\"SearchAction\",\"target\":{\"@type\":\"EntryPoint\",\"urlTemplate\":\"https:\/\/hra.com.co\/?s={search_term_string}\"},\"query-input\":{\"@type\":\"PropertyValueSpecification\",\"valueRequired\":true,\"valueName\":\"search_term_string\"}}],\"inLanguage\":\"en-US\"}]}<\/script>\n<!-- \/ Yoast SEO plugin. -->","yoast_head_json":{"title":"L\u00ednea \u00c9tica - HRA Uniqu\u00edmica","robots":{"index":"index","follow":"follow","max-snippet":"max-snippet:-1","max-image-preview":"max-image-preview:large","max-video-preview":"max-video-preview:-1"},"canonical":"https:\/\/hra.com.co\/en\/linea-etica\/","og_locale":"en_US","og_type":"article","og_title":"L\u00ednea \u00c9tica - HRA Uniqu\u00edmica","og_url":"https:\/\/hra.com.co\/en\/linea-etica\/","og_site_name":"HRA Uniqu\u00edmica","article_modified_time":"2025-02-14T17:06:36+00:00","twitter_card":"summary_large_image","schema":{"@context":"https:\/\/schema.org","@graph":[{"@type":"WebPage","@id":"https:\/\/hra.com.co\/linea-etica\/","url":"https:\/\/hra.com.co\/linea-etica\/","name":"L\u00ednea \u00c9tica - HRA Uniqu\u00edmica","isPartOf":{"@id":"https:\/\/hra.com.co\/#website"},"datePublished":"2025-02-13T17:31:34+00:00","dateModified":"2025-02-14T17:06:36+00:00","breadcrumb":{"@id":"https:\/\/hra.com.co\/linea-etica\/#breadcrumb"},"inLanguage":"en-US","potentialAction":[{"@type":"ReadAction","target":["https:\/\/hra.com.co\/linea-etica\/"]}]},{"@type":"BreadcrumbList","@id":"https:\/\/hra.com.co\/linea-etica\/#breadcrumb","itemListElement":[{"@type":"ListItem","position":1,"name":"Portada","item":"https:\/\/hra.com.co\/"},{"@type":"ListItem","position":2,"name":"L\u00ednea \u00c9tica"}]},{"@type":"WebSite","@id":"https:\/\/hra.com.co\/#website","url":"https:\/\/hra.com.co\/","name":"At HRA Uniqu\u00edmica,","description":"Fabricante colombiano de ingredientes y aditivos para la industria alimentaria, farmac\u00e9utica, cosm\u00e9tica y agroindustrial.","potentialAction":[{"@type":"SearchAction","target":{"@type":"EntryPoint","urlTemplate":"https:\/\/hra.com.co\/?s={search_term_string}"},"query-input":{"@type":"PropertyValueSpecification","valueRequired":true,"valueName":"search_term_string"}}],"inLanguage":"en-US"}]}},"_links":{"self":[{"href":"https:\/\/hra.com.co\/en\/wp-json\/wp\/v2\/pages\/5216","targetHints":{"allow":["GET"]}}],"collection":[{"href":"https:\/\/hra.com.co\/en\/wp-json\/wp\/v2\/pages"}],"about":[{"href":"https:\/\/hra.com.co\/en\/wp-json\/wp\/v2\/types\/page"}],"author":[{"embeddable":true,"href":"https:\/\/hra.com.co\/en\/wp-json\/wp\/v2\/users\/1"}],"replies":[{"embeddable":true,"href":"https:\/\/hra.com.co\/en\/wp-json\/wp\/v2\/comments?post=5216"}],"version-history":[{"count":1,"href":"https:\/\/hra.com.co\/en\/wp-json\/wp\/v2\/pages\/5216\/revisions"}],"predecessor-version":[{"id":5651,"href":"https:\/\/hra.com.co\/en\/wp-json\/wp\/v2\/pages\/5216\/revisions\/5651"}],"wp:attachment":[{"href":"https:\/\/hra.com.co\/en\/wp-json\/wp\/v2\/media?parent=5216"}],"curies":[{"name":"wp","href":"https:\/\/api.w.org\/{rel}","templated":true}]}}