{"id":5021,"date":"2025-02-07T17:15:46","date_gmt":"2025-02-07T16:15:46","guid":{"rendered":"https:\/\/hra.com.co\/?page_id=5021"},"modified":"2025-10-14T15:53:49","modified_gmt":"2025-10-14T13:53:49","slug":"nosotros","status":"publish","type":"page","link":"https:\/\/hra.com.co\/en\/nosotros\/","title":{"rendered":"About us"},"content":{"rendered":"<div class=\"wpb-content-wrapper\"><div class=\"vc_row wpb_row vc_row-fluid creote_section_69e06dddc236e\"><style type=\"text\/css\" data-type=\"vc_shortcodes-custom\"> .creote_section_69e06dddc236e{margin: 0px 0px 0px 0px!important; padding: 0px 0px 0px 0px!important; border-width: 0px!important; border-style: solid!important;      }<\/style><style type=\"text\/css\" data-type=\"vc_shortcodes-custom\">  .creote_container_69e06dddc236d.common_container{padding: 0px 0px 0px 0px!important;  border-style: solid!important; border-width: 0px!important; }<\/style><div class=\"auto_container creote_container_69e06dddc236d common_container clearfix\"><div class=\"wpb_column vc_column_container vc_col-sm-12\"><div class=\"vc_column-inner\"><div class=\"wpb_wrapper\">\n\t<div class=\"wpb_text_column wpb_content_element\" >\n\t\t<div class=\"wpb_wrapper\">\n\t\t\t<p style=\"text-align: justify;\">We are a company specialized in the <strong>manufacturing and marketing<\/strong> of ingredients and additives for the <strong>food, pharmaceutical, cosmetics, and agro-industrial industries.<\/strong><\/p>\n\n\t\t<\/div>\n\t<\/div>\n<div class=\"vc_empty_space\"   style=\"height: 62px\"><span class=\"vc_empty_space_inner\"><\/span><\/div><div class=\"vc_row wpb_row vc_inner vc_row-fluid\"><div class=\"wpb_column vc_column_container vc_col-sm-4\"><div class=\"vc_column-inner\"><div class=\"wpb_wrapper\">\n\t<div class=\"wpb_text_column wpb_content_element\" >\n\t\t<div class=\"wpb_wrapper\">\n\t\t\t<h2 style=\"text-align: center;\">54 a\u00f1os <strong>of experience<\/strong><\/h2>\n\n\t\t<\/div>\n\t<\/div>\n\n\t<div class=\"wpb_text_column wpb_content_element\" >\n\t\t<div class=\"wpb_wrapper\">\n\t\t\t<p style=\"text-align: justify;\">have allowed us <strong>to differentiate ourselves in the market with high-quality products,<\/strong>&nbsp;a commitment to innovation through our own developments and a staff that provides the company <strong>expertise and solidity<\/strong> with expertise and strength.<\/p>\n\n\t\t<\/div>\n\t<\/div>\n<\/div><\/div><\/div><div class=\"wpb_column vc_column_container vc_col-sm-8\"><div class=\"vc_column-inner\"><div class=\"wpb_wrapper\">\n\t<div  class=\"wpb_single_image wpb_content_element vc_align_center wpb_content_element wpb_animate_when_almost_visible wpb_bounceInRight bounceInRight\">\n\t\t\n\t\t<figure class=\"wpb_wrapper vc_figure\">\n\t\t\t<div class=\"vc_single_image-wrapper   vc_box_border_grey\"><img loading=\"lazy\" decoding=\"async\" width=\"1690\" height=\"864\" src=\"https:\/\/hra.com.co\/wp-content\/uploads\/2025\/02\/HRA-home-02.webp\" class=\"vc_single_image-img attachment-full\" alt=\"Foto del personal que trabaja en HRA\" title=\"HRA-home-02\" srcset=\"https:\/\/hra.com.co\/wp-content\/uploads\/2025\/02\/HRA-home-02.webp 1690w, https:\/\/hra.com.co\/wp-content\/uploads\/2025\/02\/HRA-home-02-300x153.webp 300w, https:\/\/hra.com.co\/wp-content\/uploads\/2025\/02\/HRA-home-02-1024x524.webp 1024w, https:\/\/hra.com.co\/wp-content\/uploads\/2025\/02\/HRA-home-02-768x393.webp 768w, https:\/\/hra.com.co\/wp-content\/uploads\/2025\/02\/HRA-home-02-1536x785.webp 1536w\" sizes=\"auto, (max-width: 1690px) 100vw, 1690px\" \/><\/div>\n\t\t<\/figure>\n\t<\/div>\n<\/div><\/div><\/div><\/div><\/div><\/div><\/div><\/div><\/div><div class=\"vc_row wpb_row vc_row-fluid creote_section_69e06dddc372a\"><style type=\"text\/css\" data-type=\"vc_shortcodes-custom\"> .creote_section_69e06dddc372a{margin: 0px 0px 0px 0px!important; padding: 0px 0px 0px 0px!important; border-width: 0px!important; border-style: solid!important;      }<\/style><style type=\"text\/css\" data-type=\"vc_shortcodes-custom\">  .creote_container_69e06dddc3729.common_container{padding: 0px 0px 0px 0px!important;  border-style: solid!important; border-width: 0px!important; }<\/style><div class=\"auto_container creote_container_69e06dddc3729 common_container clearfix\"><div class=\"wpb_column vc_column_container vc_col-sm-12\"><div class=\"vc_column-inner\"><div class=\"wpb_wrapper\"><div class=\"vc_empty_space\"   style=\"height: 62px\"><span class=\"vc_empty_space_inner\"><\/span><\/div>\n\t<div class=\"wpb_text_column wpb_content_element\" >\n\t\t<div class=\"wpb_wrapper\">\n\t\t\t<h2 style=\"text-align: center;\">Our <strong>History<\/strong><\/h2>\n\n\t\t<\/div>\n\t<\/div>\n<div class=\"wpb_images_carousel wpb_content_element vc_clearfix wpb_content_element wpb_animate_when_almost_visible wpb_fadeInLeft fadeInLeft\"><div class=\"wpb_wrapper\"><div id=\"vc_images-carousel-1-1776315869\" data-ride=\"vc_carousel\" data-wrap=\"true\" style=\"width: 100%;\" data-interval=\"20000\" data-auto-height=\"yes\" data-mode=\"horizontal\" data-partial=\"false\" data-per-view=\"1\" data-hide-on-end=\"false\" class=\"vc_slide vc_images_carousel\"><div class=\"vc_carousel-inner\"><div class=\"vc_carousel-slideline\"><div class=\"vc_carousel-slideline-inner\"><div class=\"vc_item\"><div class=\"vc_inner\"><img loading=\"lazy\" decoding=\"async\" width=\"1920\" height=\"633\" src=\"https:\/\/hra.com.co\/wp-content\/uploads\/2025\/06\/HRA-Historia-ingles-04-scaled.png\" class=\"attachment-full\" alt=\"\" title=\"HRA_Historia-01\" srcset=\"https:\/\/hra.com.co\/wp-content\/uploads\/2025\/06\/HRA-Historia-ingles-04-scaled.png 2560w, https:\/\/hra.com.co\/wp-content\/uploads\/2025\/06\/HRA-Historia-ingles-04-300x99.png 300w, https:\/\/hra.com.co\/wp-content\/uploads\/2025\/06\/HRA-Historia-ingles-04-1024x337.png 1024w, https:\/\/hra.com.co\/wp-content\/uploads\/2025\/06\/HRA-Historia-ingles-04-768x253.png 768w, https:\/\/hra.com.co\/wp-content\/uploads\/2025\/06\/HRA-Historia-ingles-04-1536x506.png 1536w, https:\/\/hra.com.co\/wp-content\/uploads\/2025\/06\/HRA-Historia-ingles-04-2048x675.png 2048w, https:\/\/hra.com.co\/wp-content\/uploads\/2025\/06\/HRA-Historia-ingles-04-18x6.png 18w\" sizes=\"auto, (max-width: 1920px) 100vw, 1920px\" \/><\/div><\/div><div class=\"vc_item\"><div class=\"vc_inner\"><img loading=\"lazy\" decoding=\"async\" width=\"1920\" height=\"633\" src=\"https:\/\/hra.com.co\/wp-content\/uploads\/2025\/06\/HRA-Historia-ingles-05-scaled.png\" class=\"attachment-full\" alt=\"\" title=\"HRA_Historia-02\" srcset=\"https:\/\/hra.com.co\/wp-content\/uploads\/2025\/06\/HRA-Historia-ingles-05-scaled.png 2560w, https:\/\/hra.com.co\/wp-content\/uploads\/2025\/06\/HRA-Historia-ingles-05-300x99.png 300w, https:\/\/hra.com.co\/wp-content\/uploads\/2025\/06\/HRA-Historia-ingles-05-1024x337.png 1024w, https:\/\/hra.com.co\/wp-content\/uploads\/2025\/06\/HRA-Historia-ingles-05-768x253.png 768w, https:\/\/hra.com.co\/wp-content\/uploads\/2025\/06\/HRA-Historia-ingles-05-1536x506.png 1536w, https:\/\/hra.com.co\/wp-content\/uploads\/2025\/06\/HRA-Historia-ingles-05-2048x675.png 2048w, https:\/\/hra.com.co\/wp-content\/uploads\/2025\/06\/HRA-Historia-ingles-05-18x6.png 18w\" sizes=\"auto, (max-width: 1920px) 100vw, 1920px\" \/><\/div><\/div><div class=\"vc_item\"><div class=\"vc_inner\"><img loading=\"lazy\" decoding=\"async\" width=\"1920\" height=\"633\" src=\"https:\/\/hra.com.co\/wp-content\/uploads\/2025\/06\/HRA-Historia-ingles-06-scaled.png\" class=\"attachment-full\" alt=\"\" title=\"HRA_Historia-03\" srcset=\"https:\/\/hra.com.co\/wp-content\/uploads\/2025\/06\/HRA-Historia-ingles-06-scaled.png 2560w, https:\/\/hra.com.co\/wp-content\/uploads\/2025\/06\/HRA-Historia-ingles-06-300x99.png 300w, https:\/\/hra.com.co\/wp-content\/uploads\/2025\/06\/HRA-Historia-ingles-06-1024x337.png 1024w, https:\/\/hra.com.co\/wp-content\/uploads\/2025\/06\/HRA-Historia-ingles-06-768x253.png 768w, https:\/\/hra.com.co\/wp-content\/uploads\/2025\/06\/HRA-Historia-ingles-06-1536x506.png 1536w, https:\/\/hra.com.co\/wp-content\/uploads\/2025\/06\/HRA-Historia-ingles-06-2048x675.png 2048w, https:\/\/hra.com.co\/wp-content\/uploads\/2025\/06\/HRA-Historia-ingles-06-18x6.png 18w\" sizes=\"auto, (max-width: 1920px) 100vw, 1920px\" \/><\/div><\/div><\/div><\/div><\/div><a class=\"vc_left vc_carousel-control\" href=\"#vc_images-carousel-1-1776315869\" data-slide=\"prev\"><span class=\"icon-prev\"><\/span><\/a><a class=\"vc_right vc_carousel-control\" href=\"#vc_images-carousel-1-1776315869\" data-slide=\"next\"><span class=\"icon-next\"><\/span><\/a><\/div><\/div><\/div><\/div><\/div><\/div><\/div><\/div><div class=\"vc_row wpb_row vc_row-fluid creote_section_69e06dddc47e6\"><style type=\"text\/css\" data-type=\"vc_shortcodes-custom\"> .creote_section_69e06dddc47e6{margin: 0px 0px 0px 0px!important; padding: 0px 0px 0px 0px!important; border-width: 0px!important; border-style: solid!important;      }<\/style><style type=\"text\/css\" data-type=\"vc_shortcodes-custom\">  .creote_container_69e06dddc47e5.common_container{padding: 0px 0px 0px 0px!important;  border-style: solid!important; border-width: 0px!important; }<\/style><div class=\"auto_container creote_container_69e06dddc47e5 common_container clearfix\"><div class=\"wpb_column vc_column_container vc_col-sm-12\"><div class=\"vc_column-inner\"><div class=\"wpb_wrapper\"><div class=\"vc_empty_space\"   style=\"height: 62px\"><span class=\"vc_empty_space_inner\"><\/span><\/div>\n\t<div class=\"wpb_text_column wpb_content_element\" >\n\t\t<div class=\"wpb_wrapper\">\n\t\t\t<h2 style=\"text-align: center;\">Our <strong>Values<\/strong><\/h2>\n\n\t\t<\/div>\n\t<\/div>\n\n\t<div  class=\"wpb_single_image wpb_content_element vc_align_center wpb_content_element wpb_animate_when_almost_visible wpb_fadeIn fadeIn\">\n\t\t\n\t\t<figure class=\"wpb_wrapper vc_figure\">\n\t\t\t<div class=\"vc_single_image-wrapper   vc_box_border_grey\"><img loading=\"lazy\" decoding=\"async\" width=\"1024\" height=\"421\" src=\"https:\/\/hra.com.co\/wp-content\/uploads\/2025\/06\/HRA-Valores_en-ingles.webp\" class=\"vc_single_image-img attachment-large\" alt=\"\" title=\"HRA-Valores-02\" srcset=\"https:\/\/hra.com.co\/wp-content\/uploads\/2025\/06\/HRA-Valores_en-ingles.webp 1537w, https:\/\/hra.com.co\/wp-content\/uploads\/2025\/06\/HRA-Valores_en-ingles-300x99.webp 300w, https:\/\/hra.com.co\/wp-content\/uploads\/2025\/06\/HRA-Valores_en-ingles-1024x337.webp 1024w, https:\/\/hra.com.co\/wp-content\/uploads\/2025\/06\/HRA-Valores_en-ingles-768x253.webp 768w, https:\/\/hra.com.co\/wp-content\/uploads\/2025\/06\/HRA-Valores_en-ingles-18x6.webp 18w\" sizes=\"auto, (max-width: 1024px) 100vw, 1024px\" \/><\/div>\n\t\t<\/figure>\n\t<\/div>\n<\/div><\/div><\/div><\/div><\/div><div class=\"vc_row wpb_row vc_row-fluid creote_section_69e06dddc4fca\"><style type=\"text\/css\" data-type=\"vc_shortcodes-custom\"> .creote_section_69e06dddc4fca{margin: 0px 0px 0px 0px!important; padding: 0px 0px 0px 0px!important; border-width: 0px!important; border-style: solid!important;      }<\/style><style type=\"text\/css\" data-type=\"vc_shortcodes-custom\">  .creote_container_69e06dddc4fc9.common_container{padding: 0px 0px 0px 0px!important;  border-style: solid!important; border-width: 0px!important; }<\/style><div class=\"auto_container creote_container_69e06dddc4fc9 common_container clearfix\"><div class=\"wpb_column vc_column_container vc_col-sm-12\"><div class=\"vc_column-inner\"><div class=\"wpb_wrapper\"><div class=\"vc_empty_space\"   style=\"height: 32px\"><span class=\"vc_empty_space_inner\"><\/span><\/div>\n\t<div class=\"wpb_text_column wpb_content_element\" >\n\t\t<div class=\"wpb_wrapper\">\n\t\t\t<h2 style=\"text-align: center;\">Our <strong>Purposes<\/strong><\/h2>\n\n\t\t<\/div>\n\t<\/div>\n\n\t<div class=\"wpb_text_column wpb_content_element\" >\n\t\t<div class=\"wpb_wrapper\">\n\t\t\t<p style=\"text-align: justify;\">We are committed to customer satisfaction by offering comprehensive, tailored solutions. To achieve this, we strive for continuous improvement through our <strong>Integrated Management System:<\/strong><\/p>\n\n\t\t<\/div>\n\t<\/div>\n\n\t<div  class=\"wpb_single_image wpb_content_element vc_align_center wpb_content_element\">\n\t\t\n\t\t<figure class=\"wpb_wrapper vc_figure\">\n\t\t\t<div class=\"vc_single_image-wrapper   vc_box_border_grey\"><img loading=\"lazy\" decoding=\"async\" width=\"1024\" height=\"677\" src=\"https:\/\/hra.com.co\/wp-content\/uploads\/2025\/06\/HRA-Propositos-ingles.webp\" class=\"vc_single_image-img attachment-large\" alt=\"\" title=\"HRA-Propositos-2\" srcset=\"https:\/\/hra.com.co\/wp-content\/uploads\/2025\/06\/HRA-Propositos-ingles.webp 1920w, https:\/\/hra.com.co\/wp-content\/uploads\/2025\/06\/HRA-Propositos-ingles-300x198.webp 300w, https:\/\/hra.com.co\/wp-content\/uploads\/2025\/06\/HRA-Propositos-ingles-1024x677.webp 1024w, https:\/\/hra.com.co\/wp-content\/uploads\/2025\/06\/HRA-Propositos-ingles-768x508.webp 768w, https:\/\/hra.com.co\/wp-content\/uploads\/2025\/06\/HRA-Propositos-ingles-1536x1015.webp 1536w, https:\/\/hra.com.co\/wp-content\/uploads\/2025\/06\/HRA-Propositos-ingles-18x12.webp 18w\" sizes=\"auto, (max-width: 1024px) 100vw, 1024px\" \/><\/div>\n\t\t<\/figure>\n\t<\/div>\n<\/div><\/div><\/div><\/div><\/div><div class=\"vc_row wpb_row vc_row-fluid creote_section_69e06dddc57b7\"><style type=\"text\/css\" data-type=\"vc_shortcodes-custom\"> .creote_section_69e06dddc57b7{margin: 0px 0px 0px 0px!important; padding: 0px 0px 0px 0px!important; border-width: 0px!important; border-style: solid!important;      }<\/style><style type=\"text\/css\" data-type=\"vc_shortcodes-custom\">  .creote_container_69e06dddc57b6.common_container{padding: 0px 0px 0px 0px!important;  border-style: solid!important; border-width: 0px!important; }<\/style><div class=\"auto_container creote_container_69e06dddc57b6 common_container clearfix\"><div class=\"wpb_column vc_column_container vc_col-sm-12\"><div class=\"vc_column-inner\"><div class=\"wpb_wrapper\">\n\t<div class=\"wpb_text_column wpb_content_element\" >\n\t\t<div class=\"wpb_wrapper\">\n\t\t\t<h2 style=\"text-align: center;\">Meet <strong>Our Allies<\/strong><\/h2>\n\n\t\t<\/div>\n\t<\/div>\n<div class=\"vc_row wpb_row vc_inner vc_row-fluid\"><div class=\"wpb_column vc_column_container vc_col-sm-2\"><div class=\"vc_column-inner\"><div class=\"wpb_wrapper\"><\/div><\/div><\/div><div class=\"wpb_column vc_column_container vc_col-sm-2\"><div class=\"vc_column-inner\"><div class=\"wpb_wrapper\"><div class=\"vc_empty_space\"   style=\"height: 32px\"><span class=\"vc_empty_space_inner\"><\/span><\/div>\n\t<div  class=\"wpb_single_image wpb_content_element vc_align_center wpb_content_element\">\n\t\t\n\t\t<figure class=\"wpb_wrapper vc_figure\">\n\t\t\t<div class=\"vc_single_image-wrapper   vc_box_border_grey\"><img loading=\"lazy\" decoding=\"async\" width=\"443\" height=\"172\" src=\"https:\/\/hra.com.co\/wp-content\/uploads\/2025\/04\/logo-prova.png\" class=\"vc_single_image-img attachment-full\" alt=\"\" title=\"logo-prova\" srcset=\"https:\/\/hra.com.co\/wp-content\/uploads\/2025\/04\/logo-prova.png 443w, https:\/\/hra.com.co\/wp-content\/uploads\/2025\/04\/logo-prova-300x116.png 300w\" sizes=\"auto, (max-width: 443px) 100vw, 443px\" \/><\/div>\n\t\t<\/figure>\n\t<\/div>\n<\/div><\/div><\/div><div class=\"wpb_column vc_column_container vc_col-sm-2\"><div class=\"vc_column-inner\"><div class=\"wpb_wrapper\"><div class=\"vc_empty_space\"   style=\"height: 32px\"><span class=\"vc_empty_space_inner\"><\/span><\/div>\n\t<div  class=\"wpb_single_image wpb_content_element vc_align_center wpb_content_element\">\n\t\t\n\t\t<figure class=\"wpb_wrapper vc_figure\">\n\t\t\t<div class=\"vc_single_image-wrapper   vc_box_border_grey\"><img loading=\"lazy\" decoding=\"async\" width=\"300\" height=\"135\" src=\"https:\/\/hra.com.co\/wp-content\/uploads\/2025\/02\/omya.png\" class=\"vc_single_image-img attachment-full\" alt=\"\" title=\"omya\" \/><\/div>\n\t\t<\/figure>\n\t<\/div>\n<\/div><\/div><\/div><div class=\"wpb_column vc_column_container vc_col-sm-2\"><div class=\"vc_column-inner\"><div class=\"wpb_wrapper\"><div class=\"vc_empty_space\"   style=\"height: 32px\"><span class=\"vc_empty_space_inner\"><\/span><\/div>\n\t<div  class=\"wpb_single_image wpb_content_element vc_align_center wpb_content_element\">\n\t\t\n\t\t<figure class=\"wpb_wrapper vc_figure\">\n\t\t\t<div class=\"vc_single_image-wrapper   vc_box_border_grey\"><img loading=\"lazy\" decoding=\"async\" width=\"567\" height=\"255\" src=\"https:\/\/hra.com.co\/wp-content\/uploads\/2025\/02\/tecnovo.png\" class=\"vc_single_image-img attachment-full\" alt=\"\" title=\"tecnovo\" srcset=\"https:\/\/hra.com.co\/wp-content\/uploads\/2025\/02\/tecnovo.png 567w, https:\/\/hra.com.co\/wp-content\/uploads\/2025\/02\/tecnovo-300x135.png 300w\" sizes=\"auto, (max-width: 567px) 100vw, 567px\" \/><\/div>\n\t\t<\/figure>\n\t<\/div>\n<\/div><\/div><\/div><div class=\"wpb_column vc_column_container vc_col-sm-2\"><div class=\"vc_column-inner\"><div class=\"wpb_wrapper\"><div class=\"vc_empty_space\"   style=\"height: 32px\"><span class=\"vc_empty_space_inner\"><\/span><\/div><div class=\"vc_empty_space\"   style=\"height: 32px\"><span class=\"vc_empty_space_inner\"><\/span><\/div>\n\t<div  class=\"wpb_single_image wpb_content_element vc_align_center wpb_content_element\">\n\t\t\n\t\t<figure class=\"wpb_wrapper vc_figure\">\n\t\t\t<div class=\"vc_single_image-wrapper   vc_box_border_grey\"><img loading=\"lazy\" decoding=\"async\" width=\"300\" height=\"51\" src=\"https:\/\/hra.com.co\/wp-content\/uploads\/2025\/02\/vedeqsa.webp\" class=\"vc_single_image-img attachment-full\" alt=\"\" title=\"vedeqsa\" \/><\/div>\n\t\t<\/figure>\n\t<\/div>\n<\/div><\/div><\/div><div class=\"wpb_column vc_column_container vc_col-sm-2\"><div class=\"vc_column-inner\"><div class=\"wpb_wrapper\"><\/div><\/div><\/div><\/div><\/div><\/div><\/div><\/div><\/div>\n<\/div>","protected":false},"excerpt":{"rendered":"Somos una compa\u00f1\u00eda especializada en la fabricaci\u00f3n y comercializaci\u00f3n de ingredientes y aditivos para la industria alimenticia, farmac\u00e9utica, cosm\u00e9tica y agroindustrial. 54 a\u00f1os de experiencia nos han permitido marcar un diferencial en el mercado con productos de alta calidad, apost\u00e1ndole a la innovaci\u00f3n con desarrollos propios y un personal que le brinda experticia y solidez [...]","protected":false},"author":1,"featured_media":0,"parent":0,"menu_order":0,"comment_status":"closed","ping_status":"closed","template":"","meta":{"footnotes":""},"class_list":["post-5021","page","type-page","status-publish","hentry"],"yoast_head":"<!-- This site is optimized with the Yoast SEO plugin v26.4 - https:\/\/yoast.com\/wordpress\/plugins\/seo\/ -->\n<title>Nosotros - HRA Uniqu\u00edmica<\/title>\n<meta name=\"robots\" content=\"index, follow, max-snippet:-1, max-image-preview:large, max-video-preview:-1\" \/>\n<link rel=\"canonical\" href=\"https:\/\/hra.com.co\/en\/nosotros\/\" \/>\n<meta property=\"og:locale\" content=\"en_US\" \/>\n<meta property=\"og:type\" content=\"article\" \/>\n<meta property=\"og:title\" content=\"Nosotros - HRA Uniqu\u00edmica\" \/>\n<meta property=\"og:url\" content=\"https:\/\/hra.com.co\/en\/nosotros\/\" \/>\n<meta property=\"og:site_name\" content=\"HRA Uniqu\u00edmica\" \/>\n<meta property=\"article:modified_time\" content=\"2025-10-14T13:53:49+00:00\" \/>\n<meta name=\"twitter:card\" content=\"summary_large_image\" \/>\n<meta name=\"twitter:label1\" content=\"Est. reading time\" \/>\n\t<meta name=\"twitter:data1\" content=\"2 minutes\" \/>\n<script type=\"application\/ld+json\" class=\"yoast-schema-graph\">{\"@context\":\"https:\/\/schema.org\",\"@graph\":[{\"@type\":\"WebPage\",\"@id\":\"https:\/\/hra.com.co\/nosotros\/\",\"url\":\"https:\/\/hra.com.co\/nosotros\/\",\"name\":\"Nosotros - HRA Uniqu\u00edmica\",\"isPartOf\":{\"@id\":\"https:\/\/hra.com.co\/#website\"},\"datePublished\":\"2025-02-07T16:15:46+00:00\",\"dateModified\":\"2025-10-14T13:53:49+00:00\",\"breadcrumb\":{\"@id\":\"https:\/\/hra.com.co\/nosotros\/#breadcrumb\"},\"inLanguage\":\"en-US\",\"potentialAction\":[{\"@type\":\"ReadAction\",\"target\":[\"https:\/\/hra.com.co\/nosotros\/\"]}]},{\"@type\":\"BreadcrumbList\",\"@id\":\"https:\/\/hra.com.co\/nosotros\/#breadcrumb\",\"itemListElement\":[{\"@type\":\"ListItem\",\"position\":1,\"name\":\"Portada\",\"item\":\"https:\/\/hra.com.co\/\"},{\"@type\":\"ListItem\",\"position\":2,\"name\":\"Nosotros\"}]},{\"@type\":\"WebSite\",\"@id\":\"https:\/\/hra.com.co\/#website\",\"url\":\"https:\/\/hra.com.co\/\",\"name\":\"HRA Uniqu\u00edmica\",\"description\":\"Fabricante colombiano de ingredientes y aditivos para la industria alimentaria, farmac\u00e9utica, cosm\u00e9tica y agroindustrial.\",\"potentialAction\":[{\"@type\":\"SearchAction\",\"target\":{\"@type\":\"EntryPoint\",\"urlTemplate\":\"https:\/\/hra.com.co\/?s={search_term_string}\"},\"query-input\":{\"@type\":\"PropertyValueSpecification\",\"valueRequired\":true,\"valueName\":\"search_term_string\"}}],\"inLanguage\":\"en-US\"}]}<\/script>\n<!-- \/ Yoast SEO plugin. -->","yoast_head_json":{"title":"Nosotros - HRA Uniqu\u00edmica","robots":{"index":"index","follow":"follow","max-snippet":"max-snippet:-1","max-image-preview":"max-image-preview:large","max-video-preview":"max-video-preview:-1"},"canonical":"https:\/\/hra.com.co\/en\/nosotros\/","og_locale":"en_US","og_type":"article","og_title":"Nosotros - HRA Uniqu\u00edmica","og_url":"https:\/\/hra.com.co\/en\/nosotros\/","og_site_name":"HRA Uniqu\u00edmica","article_modified_time":"2025-10-14T13:53:49+00:00","twitter_card":"summary_large_image","twitter_misc":{"Est. reading time":"2 minutes"},"schema":{"@context":"https:\/\/schema.org","@graph":[{"@type":"WebPage","@id":"https:\/\/hra.com.co\/nosotros\/","url":"https:\/\/hra.com.co\/nosotros\/","name":"Nosotros - HRA Uniqu\u00edmica","isPartOf":{"@id":"https:\/\/hra.com.co\/#website"},"datePublished":"2025-02-07T16:15:46+00:00","dateModified":"2025-10-14T13:53:49+00:00","breadcrumb":{"@id":"https:\/\/hra.com.co\/nosotros\/#breadcrumb"},"inLanguage":"en-US","potentialAction":[{"@type":"ReadAction","target":["https:\/\/hra.com.co\/nosotros\/"]}]},{"@type":"BreadcrumbList","@id":"https:\/\/hra.com.co\/nosotros\/#breadcrumb","itemListElement":[{"@type":"ListItem","position":1,"name":"Portada","item":"https:\/\/hra.com.co\/"},{"@type":"ListItem","position":2,"name":"Nosotros"}]},{"@type":"WebSite","@id":"https:\/\/hra.com.co\/#website","url":"https:\/\/hra.com.co\/","name":"At HRA Uniqu\u00edmica,","description":"Fabricante colombiano de ingredientes y aditivos para la industria alimentaria, farmac\u00e9utica, cosm\u00e9tica y agroindustrial.","potentialAction":[{"@type":"SearchAction","target":{"@type":"EntryPoint","urlTemplate":"https:\/\/hra.com.co\/?s={search_term_string}"},"query-input":{"@type":"PropertyValueSpecification","valueRequired":true,"valueName":"search_term_string"}}],"inLanguage":"en-US"}]}},"_links":{"self":[{"href":"https:\/\/hra.com.co\/en\/wp-json\/wp\/v2\/pages\/5021","targetHints":{"allow":["GET"]}}],"collection":[{"href":"https:\/\/hra.com.co\/en\/wp-json\/wp\/v2\/pages"}],"about":[{"href":"https:\/\/hra.com.co\/en\/wp-json\/wp\/v2\/types\/page"}],"author":[{"embeddable":true,"href":"https:\/\/hra.com.co\/en\/wp-json\/wp\/v2\/users\/1"}],"replies":[{"embeddable":true,"href":"https:\/\/hra.com.co\/en\/wp-json\/wp\/v2\/comments?post=5021"}],"version-history":[{"count":36,"href":"https:\/\/hra.com.co\/en\/wp-json\/wp\/v2\/pages\/5021\/revisions"}],"predecessor-version":[{"id":5683,"href":"https:\/\/hra.com.co\/en\/wp-json\/wp\/v2\/pages\/5021\/revisions\/5683"}],"wp:attachment":[{"href":"https:\/\/hra.com.co\/en\/wp-json\/wp\/v2\/media?parent=5021"}],"curies":[{"name":"wp","href":"https:\/\/api.w.org\/{rel}","templated":true}]}}