{"id":4392,"date":"2022-05-23T16:20:33","date_gmt":"2022-05-23T16:20:33","guid":{"rendered":"https:\/\/themepanthers.com\/wp\/creote\/v1-wp\/?page_id=4392"},"modified":"2025-04-14T21:41:36","modified_gmt":"2025-04-14T19:41:36","slug":"contactos","status":"publish","type":"page","link":"https:\/\/hra.com.co\/en\/contactos\/","title":{"rendered":"CONTACT US"},"content":{"rendered":"<div class=\"wpb-content-wrapper\"><div class=\"vc_row wpb_row vc_row-fluid creote_section_69e036e504177\"><style type=\"text\/css\" data-type=\"vc_shortcodes-custom\"> .creote_section_69e036e504177{margin: 0px 0px 0px 0px!important; padding: 0px 0px 0px 0px!important; border-width: 0px!important; border-style: solid!important;      }<\/style><style type=\"text\/css\" data-type=\"vc_shortcodes-custom\">  .creote_container_69e036e504176.common_container{padding: 0px 0px 0px 0px!important;  border-style: solid!important; border-width: 0px!important; }<\/style><div class=\"auto_container creote_container_69e036e504176 common_container clearfix\"><div class=\"wpb_column vc_column_container vc_col-sm-12\"><div class=\"vc_column-inner\"><div class=\"wpb_wrapper\">\n\t<div class=\"wpb_text_column wpb_content_element\" >\n\t\t<div class=\"wpb_wrapper\">\n\t\t\t\n\t\t<\/div>\n\t<\/div>\n<\/div><\/div><\/div><\/div><\/div><div class=\"vc_row wpb_row vc_row-fluid creote_section_69e036e50482d\"><style type=\"text\/css\" data-type=\"vc_shortcodes-custom\"> .creote_section_69e036e50482d{margin: 0px 0px 0px 0px!important; padding: 0px 0px 0px 0px!important; border-width: 0px!important; border-style: solid!important;      }<\/style><style type=\"text\/css\" data-type=\"vc_shortcodes-custom\">  .creote_container_69e036e50482c.common_container{padding: 0px 0px 0px 0px!important;  border-style: solid!important; border-width: 0px!important; }<\/style><div class=\"auto_container creote_container_69e036e50482c common_container clearfix\"><div class=\"wpb_column vc_column_container vc_col-sm-4\"><div class=\"vc_column-inner\"><div class=\"wpb_wrapper\"> <div class=\"contact_box_content  style_one\" >\r\n        <div class=\"contact_box_inner  icon_yes\">\r\n                        <div class=\"icon_bx\">\r\n                <span class=\"fa fa-map-marker\"><\/span>\r\n            <\/div>\r\n                    <div class=\"contnet\">\r\n                          <h3> Medell\u00edn Plant and Offices <\/h3>\r\n                                    <p>\r\n                Calle 80 Sur #54 - 79 La Estrella, Antioquia - Colombia.            <\/p>\r\n                        <\/div>\r\n        <\/div>\r\n<\/div>\r\n <div class=\"contact_box_content  style_one\" >\r\n        <div class=\"contact_box_inner  icon_yes\">\r\n                        <div class=\"icon_bx\">\r\n                <span class=\"icon icon-phone1\"><\/span>\r\n            <\/div>\r\n                    <div class=\"contnet\">\r\n                                   <p>\r\n                Telephone: +57 604 322 9848 option 1            <\/p>\r\n                        <\/div>\r\n        <\/div>\r\n<\/div>\r\n<\/div><\/div><\/div><div class=\"wpb_column vc_column_container vc_col-sm-8\"><div class=\"vc_column-inner\"><div class=\"wpb_wrapper\">\n\t<div class=\"wpb_raw_code wpb_raw_html wpb_content_element\" >\n\t\t<div class=\"wpb_wrapper\">\n\t\t\t<iframe src=\"https:\/\/www.google.com\/maps\/embed?pb=!1m18!1m12!1m3!1d3966.825275050324!2d-75.6355342!3d6.1541504!2m3!1f0!2f0!3f0!3m2!1i1024!2i768!4f13.1!3m3!1m2!1s0x8e46816efc529ec5%3A0x5f21a52341e3ac70!2sHRA%20Uniquimica!5e0!3m2!1ses-419!2sco!4v1738767762747!5m2!1ses-419!2sco\" width=\"100%\" height=\"450\" style=\"border:0;\" allowfullscreen=\"\" loading=\"lazy\" referrerpolicy=\"no-referrer-when-downgrade\"><\/iframe>\n\t\t<\/div>\n\t<\/div>\n<\/div><\/div><\/div><\/div><\/div><div class=\"vc_row wpb_row vc_row-fluid creote_section_69e036e504eaa\"><style type=\"text\/css\" data-type=\"vc_shortcodes-custom\"> .creote_section_69e036e504eaa{margin: 0px 0px 0px 0px!important; padding: 0px 0px 0px 0px!important; border-width: 0px!important; border-style: solid!important;      }<\/style><style type=\"text\/css\" data-type=\"vc_shortcodes-custom\">  .creote_container_69e036e504ea9.common_container{padding: 0px 0px 0px 0px!important;  border-style: solid!important; border-width: 0px!important; }<\/style><div class=\"auto_container creote_container_69e036e504ea9 common_container clearfix\"><div class=\"wpb_column vc_column_container vc_col-sm-4\"><div class=\"vc_column-inner\"><div class=\"wpb_wrapper\"> <div class=\"contact_box_content  style_one\" >\r\n        <div class=\"contact_box_inner  icon_yes\">\r\n                        <div class=\"icon_bx\">\r\n                <span class=\"fa fa-map-marker\"><\/span>\r\n            <\/div>\r\n                    <div class=\"contnet\">\r\n                          <h3> Cartagena Plant <\/h3>\r\n                                    <p>\r\n                Free Trade Zone Central Park CL 1 #2- 05 Aguas Prietas Sector L 101 D, Turbaco, Bol\u00edvar, Colombia            <\/p>\r\n                        <\/div>\r\n        <\/div>\r\n<\/div>\r\n <div class=\"contact_box_content  style_one\" >\r\n        <div class=\"contact_box_inner  icon_yes\">\r\n                        <div class=\"icon_bx\">\r\n                <span class=\"icon icon-phone1\"><\/span>\r\n            <\/div>\r\n                    <div class=\"contnet\">\r\n                                   <p>\r\n                Telephone: +57 604 322 9848 option 2            <\/p>\r\n                        <\/div>\r\n        <\/div>\r\n<\/div>\r\n <div class=\"contact_box_content  style_one\" >\r\n        <div class=\"contact_box_inner  icon_yes\">\r\n                        <div class=\"icon_bx\">\r\n                <span class=\"icon icon-mail2\"><\/span>\r\n            <\/div>\r\n                    <div class=\"contnet\">\r\n                                   <p>\r\n                Email: info@hra.com.co            <\/p>\r\n                        <\/div>\r\n        <\/div>\r\n<\/div>\r\n<\/div><\/div><\/div><div class=\"wpb_column vc_column_container vc_col-sm-8\"><div class=\"vc_column-inner\"><div class=\"wpb_wrapper\">\n\t<div class=\"wpb_raw_code wpb_raw_html wpb_content_element\" >\n\t\t<div class=\"wpb_wrapper\">\n\t\t\t<iframe src=\"https:\/\/www.google.com\/maps\/embed?pb=!1m18!1m12!1m3!1d3924.427483733546!2d-75.44771772536467!3d10.387581889738511!2m3!1f0!2f0!3f0!3m2!1i1024!2i768!4f13.1!3m3!1m2!1s0x8ef6240e25676295%3A0x7ae6aa96e382e4a6!2sZona%20Franca%20Parque%20Central%20%7C%20Cartagena!5e0!3m2!1ses!2sco!4v1740411368549!5m2!1ses!2sco\"width=\"100%\" height=\"450\" style=\"border:0;\" allowfullscreen=\"\" loading=\"lazy\" referrerpolicy=\"no-referrer-when-downgrade\"><\/iframe>\n\t\t<\/div>\n\t<\/div>\n<\/div><\/div><\/div><\/div><\/div><div class=\"vc_row wpb_row vc_row-fluid creote_section_69e036e505395\"><style type=\"text\/css\" data-type=\"vc_shortcodes-custom\"> .creote_section_69e036e505395{margin: 0px 0px 0px 0px!important; padding: 0px 0px 0px 0px!important; border-width: 0px!important; border-style: solid!important;      }<\/style><style type=\"text\/css\" data-type=\"vc_shortcodes-custom\">  .creote_container_69e036e505394.common_container{padding: 0px 0px 0px 0px!important;  border-style: solid!important; border-width: 0px!important; }<\/style><div class=\"auto_container creote_container_69e036e505394 common_container clearfix\"><div class=\"wpb_column vc_column_container vc_col-sm-4\"><div class=\"vc_column-inner\"><div class=\"wpb_wrapper\"><div class=\"vc_empty_space\"   style=\"height: 62px\"><span class=\"vc_empty_space_inner\"><\/span><\/div><\/div><\/div><\/div><\/div><\/div><div class=\"vc_row wpb_row vc_row-fluid creote_section_69e036e5057aa\"><style type=\"text\/css\" data-type=\"vc_shortcodes-custom\"> .creote_section_69e036e5057aa{margin: 0px 0px 0px 0px!important; padding: 0px 0px 0px 0px!important; border-width: 0px!important; border-style: solid!important;      }<\/style><style type=\"text\/css\" data-type=\"vc_shortcodes-custom\">  .creote_container_69e036e5057a9.common_container{padding: 0px 0px 0px 0px!important;  border-style: solid!important; border-width: 0px!important; }<\/style><div class=\"auto_container creote_container_69e036e5057a9 common_container clearfix\"><div class=\"wpb_column vc_column_container vc_col-sm-12\"><div class=\"vc_column-inner\"><div class=\"wpb_wrapper\"> <div class=\"contact_box_content  style_one\" >\r\n        <div class=\"contact_box_inner  icon_yes\">\r\n                        <div class=\"icon_bx\">\r\n                <span class=\"icon icon-email\"><\/span>\r\n            <\/div>\r\n                    <div class=\"contnet\">\r\n                          <h3> Write to us <\/h3>\r\n                                    <\/div>\r\n        <\/div>\r\n<\/div>\r\n <section class=\"contact_form_box_all type_one\" >\r\n<div class=\"contact_form_box_inner\">\r\n       <div class=\"contact_form_shortcode\">\r\n   \n<div class=\"wpcf7 no-js\" id=\"wpcf7-f5-o1\" lang=\"es-ES\" dir=\"ltr\" data-wpcf7-id=\"5\">\n<div class=\"screen-reader-response\"><p role=\"status\" aria-live=\"polite\" aria-atomic=\"true\"><\/p> <ul><\/ul><\/div>\n<form action=\"\/en\/wp-json\/wp\/v2\/pages\/4392#wpcf7-f5-o1\" method=\"post\" class=\"wpcf7-form init\" aria-label=\"Formulario de contacto\" novalidate=\"novalidate\" data-status=\"init\" data-trp-original-action=\"\/en\/wp-json\/wp\/v2\/pages\/4392#wpcf7-f5-o1\">\n<fieldset class=\"hidden-fields-container\"><input type=\"hidden\" name=\"_wpcf7\" value=\"5\" \/><input type=\"hidden\" name=\"_wpcf7_version\" value=\"6.1.5\" \/><input type=\"hidden\" name=\"_wpcf7_locale\" value=\"es_ES\" \/><input type=\"hidden\" name=\"_wpcf7_unit_tag\" value=\"wpcf7-f5-o1\" \/><input type=\"hidden\" name=\"_wpcf7_container_post\" value=\"0\" \/><input type=\"hidden\" name=\"_wpcf7_posted_data_hash\" value=\"\" \/>\n<\/fieldset>\n<p><label> Your name<br \/>\n<span class=\"wpcf7-form-control-wrap\" data-name=\"your-name\"><input size=\"40\" maxlength=\"400\" class=\"wpcf7-form-control wpcf7-text wpcf7-validates-as-required\" autocomplete=\"name\" aria-required=\"true\" aria-invalid=\"false\" value=\"\" type=\"text\" name=\"your-name\" \/><\/span> <\/label>\n<\/p>\n<p><label> Your email<br \/>\n<span class=\"wpcf7-form-control-wrap\" data-name=\"your-email\"><input size=\"40\" maxlength=\"400\" class=\"wpcf7-form-control wpcf7-email wpcf7-validates-as-required wpcf7-text wpcf7-validates-as-email\" autocomplete=\"email\" aria-required=\"true\" aria-invalid=\"false\" value=\"\" type=\"email\" name=\"your-email\" \/><\/span> <\/label>\n<\/p>\n<p><label> subject<br \/>\n<span class=\"wpcf7-form-control-wrap\" data-name=\"your-subject\"><input size=\"40\" maxlength=\"400\" class=\"wpcf7-form-control wpcf7-text wpcf7-validates-as-required\" aria-required=\"true\" aria-invalid=\"false\" value=\"\" type=\"text\" name=\"your-subject\" \/><\/span> <\/label>\n<\/p>\n<p><label> Your message (optional)<br \/>\n<span class=\"wpcf7-form-control-wrap\" data-name=\"your-message\"><textarea cols=\"40\" rows=\"10\" maxlength=\"2000\" class=\"wpcf7-form-control wpcf7-textarea\" aria-invalid=\"false\" name=\"your-message\"><\/textarea><\/span> <\/label>\n<\/p>\n<p><input class=\"wpcf7-form-control wpcf7-submit has-spinner\" type=\"submit\" value=\"Send\" \/>\n<\/p><p style=\"display: none !important;\" class=\"akismet-fields-container\" data-prefix=\"_wpcf7_ak_\"><label>&#916;<textarea name=\"_wpcf7_ak_hp_textarea\" cols=\"45\" rows=\"8\" maxlength=\"100\"><\/textarea><\/label><input type=\"hidden\" id=\"ak_js_1\" name=\"_wpcf7_ak_js\" value=\"248\"\/><script>document.getElementById( \"ak_js_1\" ).setAttribute( \"value\", ( new Date() ).getTime() );<\/script><\/p><div class=\"wpcf7-response-output\" aria-hidden=\"true\"><\/div>\n<input type=\"hidden\" name=\"trp-form-language\" value=\"en\"\/><\/form>\n<\/div>\n   <\/div>\r\n   <\/div>\r\n<\/section>\r\n<\/div><\/div><\/div><\/div><\/div><div class=\"vc_row wpb_row vc_row-fluid creote_section_69e036e508ae8\"><style type=\"text\/css\" data-type=\"vc_shortcodes-custom\"> .creote_section_69e036e508ae8{margin: 0px 0px 0px 0px!important; padding: 0px 0px 0px 0px!important; border-width: 0px!important; border-style: solid!important;      }<\/style><style type=\"text\/css\" data-type=\"vc_shortcodes-custom\">  .creote_container_69e036e508ae7.common_container{padding: 0px 0px 0px 0px!important;  border-style: solid!important; border-width: 0px!important; }<\/style><div class=\"auto_container creote_container_69e036e508ae7 common_container clearfix\"><div class=\"wpb_column vc_column_container vc_col-sm-4\"><div class=\"vc_column-inner\"><div class=\"wpb_wrapper\"><div class=\"vc_empty_space\"   style=\"height: 62px\"><span class=\"vc_empty_space_inner\"><\/span><\/div><\/div><\/div><\/div><\/div><\/div>\n<\/div>","protected":false},"excerpt":{"rendered":"Planta Medell\u00edn y oficinas Calle 80 Sur #54 - 79 La Estrella, Antioquia - Colombia. Tel\u00e9fono: +57 604 322 9848 opci\u00f3n 1 Planta Cartagena Zona Franca Parque Central CL 1 #2- 05 Sector Aguas Prietas L 101 D, Turbaco, Bol\u00edvar, Colombia Tel\u00e9fono: +57 604 322 9848 opci\u00f3n 2 Email: info@hra.com.co Escr\u00edbenos Tu nombre Tu correo [...]","protected":false},"author":1,"featured_media":0,"parent":0,"menu_order":0,"comment_status":"closed","ping_status":"closed","template":"","meta":{"footnotes":""},"class_list":["post-4392","page","type-page","status-publish","hentry"],"yoast_head":"<!-- This site is optimized with the Yoast SEO plugin v26.4 - https:\/\/yoast.com\/wordpress\/plugins\/seo\/ -->\n<title>CONT\u00c1CTENOS - HRA Uniqu\u00edmica<\/title>\n<meta name=\"robots\" content=\"index, follow, max-snippet:-1, max-image-preview:large, max-video-preview:-1\" \/>\n<link rel=\"canonical\" href=\"https:\/\/hra.com.co\/en\/contactos\/\" \/>\n<meta property=\"og:locale\" content=\"en_US\" \/>\n<meta property=\"og:type\" content=\"article\" \/>\n<meta property=\"og:title\" content=\"CONT\u00c1CTENOS - HRA Uniqu\u00edmica\" \/>\n<meta property=\"og:url\" content=\"https:\/\/hra.com.co\/en\/contactos\/\" \/>\n<meta property=\"og:site_name\" content=\"HRA Uniqu\u00edmica\" \/>\n<meta property=\"article:modified_time\" content=\"2025-04-14T19:41:36+00:00\" \/>\n<meta name=\"twitter:card\" content=\"summary_large_image\" \/>\n<meta name=\"twitter:label1\" content=\"Est. reading time\" \/>\n\t<meta name=\"twitter:data1\" content=\"2 minutes\" \/>\n<script type=\"application\/ld+json\" class=\"yoast-schema-graph\">{\"@context\":\"https:\/\/schema.org\",\"@graph\":[{\"@type\":\"WebPage\",\"@id\":\"https:\/\/hra.com.co\/contactos\/\",\"url\":\"https:\/\/hra.com.co\/contactos\/\",\"name\":\"CONT\u00c1CTENOS - HRA Uniqu\u00edmica\",\"isPartOf\":{\"@id\":\"https:\/\/hra.com.co\/#website\"},\"datePublished\":\"2022-05-23T16:20:33+00:00\",\"dateModified\":\"2025-04-14T19:41:36+00:00\",\"breadcrumb\":{\"@id\":\"https:\/\/hra.com.co\/contactos\/#breadcrumb\"},\"inLanguage\":\"en-US\",\"potentialAction\":[{\"@type\":\"ReadAction\",\"target\":[\"https:\/\/hra.com.co\/contactos\/\"]}]},{\"@type\":\"BreadcrumbList\",\"@id\":\"https:\/\/hra.com.co\/contactos\/#breadcrumb\",\"itemListElement\":[{\"@type\":\"ListItem\",\"position\":1,\"name\":\"Portada\",\"item\":\"https:\/\/hra.com.co\/\"},{\"@type\":\"ListItem\",\"position\":2,\"name\":\"CONT\u00c1CTENOS\"}]},{\"@type\":\"WebSite\",\"@id\":\"https:\/\/hra.com.co\/#website\",\"url\":\"https:\/\/hra.com.co\/\",\"name\":\"HRA Uniqu\u00edmica\",\"description\":\"Fabricante colombiano de ingredientes y aditivos para la industria alimentaria, farmac\u00e9utica, cosm\u00e9tica y agroindustrial.\",\"potentialAction\":[{\"@type\":\"SearchAction\",\"target\":{\"@type\":\"EntryPoint\",\"urlTemplate\":\"https:\/\/hra.com.co\/?s={search_term_string}\"},\"query-input\":{\"@type\":\"PropertyValueSpecification\",\"valueRequired\":true,\"valueName\":\"search_term_string\"}}],\"inLanguage\":\"en-US\"}]}<\/script>\n<!-- \/ Yoast SEO plugin. -->","yoast_head_json":{"title":"CONT\u00c1CTENOS - HRA Uniqu\u00edmica","robots":{"index":"index","follow":"follow","max-snippet":"max-snippet:-1","max-image-preview":"max-image-preview:large","max-video-preview":"max-video-preview:-1"},"canonical":"https:\/\/hra.com.co\/en\/contactos\/","og_locale":"en_US","og_type":"article","og_title":"CONT\u00c1CTENOS - HRA Uniqu\u00edmica","og_url":"https:\/\/hra.com.co\/en\/contactos\/","og_site_name":"HRA Uniqu\u00edmica","article_modified_time":"2025-04-14T19:41:36+00:00","twitter_card":"summary_large_image","twitter_misc":{"Est. reading time":"2 minutes"},"schema":{"@context":"https:\/\/schema.org","@graph":[{"@type":"WebPage","@id":"https:\/\/hra.com.co\/contactos\/","url":"https:\/\/hra.com.co\/contactos\/","name":"CONT\u00c1CTENOS - HRA Uniqu\u00edmica","isPartOf":{"@id":"https:\/\/hra.com.co\/#website"},"datePublished":"2022-05-23T16:20:33+00:00","dateModified":"2025-04-14T19:41:36+00:00","breadcrumb":{"@id":"https:\/\/hra.com.co\/contactos\/#breadcrumb"},"inLanguage":"en-US","potentialAction":[{"@type":"ReadAction","target":["https:\/\/hra.com.co\/contactos\/"]}]},{"@type":"BreadcrumbList","@id":"https:\/\/hra.com.co\/contactos\/#breadcrumb","itemListElement":[{"@type":"ListItem","position":1,"name":"Portada","item":"https:\/\/hra.com.co\/"},{"@type":"ListItem","position":2,"name":"CONT\u00c1CTENOS"}]},{"@type":"WebSite","@id":"https:\/\/hra.com.co\/#website","url":"https:\/\/hra.com.co\/","name":"At HRA Uniqu\u00edmica,","description":"Fabricante colombiano de ingredientes y aditivos para la industria alimentaria, farmac\u00e9utica, cosm\u00e9tica y agroindustrial.","potentialAction":[{"@type":"SearchAction","target":{"@type":"EntryPoint","urlTemplate":"https:\/\/hra.com.co\/?s={search_term_string}"},"query-input":{"@type":"PropertyValueSpecification","valueRequired":true,"valueName":"search_term_string"}}],"inLanguage":"en-US"}]}},"_links":{"self":[{"href":"https:\/\/hra.com.co\/en\/wp-json\/wp\/v2\/pages\/4392","targetHints":{"allow":["GET"]}}],"collection":[{"href":"https:\/\/hra.com.co\/en\/wp-json\/wp\/v2\/pages"}],"about":[{"href":"https:\/\/hra.com.co\/en\/wp-json\/wp\/v2\/types\/page"}],"author":[{"embeddable":true,"href":"https:\/\/hra.com.co\/en\/wp-json\/wp\/v2\/users\/1"}],"replies":[{"embeddable":true,"href":"https:\/\/hra.com.co\/en\/wp-json\/wp\/v2\/comments?post=4392"}],"version-history":[{"count":5,"href":"https:\/\/hra.com.co\/en\/wp-json\/wp\/v2\/pages\/4392\/revisions"}],"predecessor-version":[{"id":5491,"href":"https:\/\/hra.com.co\/en\/wp-json\/wp\/v2\/pages\/4392\/revisions\/5491"}],"wp:attachment":[{"href":"https:\/\/hra.com.co\/en\/wp-json\/wp\/v2\/media?parent=4392"}],"curies":[{"name":"wp","href":"https:\/\/api.w.org\/{rel}","templated":true}]}}